{"id":477,"date":"2025-03-13T20:45:15","date_gmt":"2025-03-13T18:45:15","guid":{"rendered":"https:\/\/healthresilience.eu\/privatuma-politika\/"},"modified":"2025-03-19T14:44:26","modified_gmt":"2025-03-19T12:44:26","slug":"privacy-policy","status":"publish","type":"page","link":"https:\/\/healthresilience.eu\/en\/privacy-policy\/","title":{"rendered":"Privacy policy"},"content":{"rendered":"","protected":false},"excerpt":{"rendered":"","protected":false},"author":1,"featured_media":0,"parent":0,"menu_order":0,"comment_status":"closed","ping_status":"closed","template":"builder.php","meta":[],"class_list":["post-477","page","type-page","status-publish","hentry"],"acf":[],"yoast_head":"<!-- This site is optimized with the Yoast SEO plugin v24.7 - https:\/\/yoast.com\/wordpress\/plugins\/seo\/ -->\n<title>Privacy policy - Resilience of health care systems<\/title>\n<meta name=\"robots\" content=\"index, follow, max-snippet:-1, max-image-preview:large, max-video-preview:-1\" \/>\n<link rel=\"canonical\" href=\"https:\/\/healthresilience.eu\/en\/privacy-policy\/\" \/>\n<meta property=\"og:locale\" content=\"en_US\" \/>\n<meta property=\"og:type\" content=\"article\" \/>\n<meta property=\"og:title\" content=\"Privacy policy - Resilience of health care systems\" \/>\n<meta property=\"og:url\" content=\"https:\/\/healthresilience.eu\/en\/privacy-policy\/\" \/>\n<meta property=\"og:site_name\" content=\"Resilience of health care systems\" \/>\n<meta property=\"article:publisher\" content=\"https:\/\/www.facebook.com\/people\/Domnca-Veselbas-aprpes-sistmu-noturba\/61572697709349\/\" \/>\n<meta property=\"article:modified_time\" content=\"2025-03-19T12:44:26+00:00\" \/>\n<meta name=\"twitter:card\" content=\"summary_large_image\" \/>\n<script type=\"application\/ld+json\" class=\"yoast-schema-graph\">{\"@context\":\"https:\/\/schema.org\",\"@graph\":[{\"@type\":\"WebPage\",\"@id\":\"https:\/\/healthresilience.eu\/en\/privacy-policy\/\",\"url\":\"https:\/\/healthresilience.eu\/en\/privacy-policy\/\",\"name\":\"Privacy policy - Resilience of health care systems\",\"isPartOf\":{\"@id\":\"https:\/\/healthresilience.eu\/#website\"},\"datePublished\":\"2025-03-13T18:45:15+00:00\",\"dateModified\":\"2025-03-19T12:44:26+00:00\",\"breadcrumb\":{\"@id\":\"https:\/\/healthresilience.eu\/en\/privacy-policy\/#breadcrumb\"},\"inLanguage\":\"en-US\",\"potentialAction\":[{\"@type\":\"ReadAction\",\"target\":[\"https:\/\/healthresilience.eu\/en\/privacy-policy\/\"]}]},{\"@type\":\"BreadcrumbList\",\"@id\":\"https:\/\/healthresilience.eu\/en\/privacy-policy\/#breadcrumb\",\"itemListElement\":[{\"@type\":\"ListItem\",\"position\":1,\"name\":\"Home\",\"item\":\"https:\/\/healthresilience.eu\/en\/\"},{\"@type\":\"ListItem\",\"position\":2,\"name\":\"Privacy policy\"}]},{\"@type\":\"WebSite\",\"@id\":\"https:\/\/healthresilience.eu\/#website\",\"url\":\"https:\/\/healthresilience.eu\/\",\"name\":\"Vesel\u012bbas apr\u016bpes sist\u0113mu notur\u012bba\",\"description\":\"\",\"publisher\":{\"@id\":\"https:\/\/healthresilience.eu\/#organization\"},\"potentialAction\":[{\"@type\":\"SearchAction\",\"target\":{\"@type\":\"EntryPoint\",\"urlTemplate\":\"https:\/\/healthresilience.eu\/?s={search_term_string}\"},\"query-input\":{\"@type\":\"PropertyValueSpecification\",\"valueRequired\":true,\"valueName\":\"search_term_string\"}}],\"inLanguage\":\"en-US\"},{\"@type\":\"Organization\",\"@id\":\"https:\/\/healthresilience.eu\/#organization\",\"name\":\"Think tank \\\"Resilience of health care systems\\\"\",\"url\":\"https:\/\/healthresilience.eu\/\",\"logo\":{\"@type\":\"ImageObject\",\"inLanguage\":\"en-US\",\"@id\":\"https:\/\/healthresilience.eu\/#\/schema\/logo\/image\/\",\"url\":\"https:\/\/healthresilience.eu\/wp-content\/uploads\/2024\/11\/logo.svg\",\"contentUrl\":\"https:\/\/healthresilience.eu\/wp-content\/uploads\/2024\/11\/logo.svg\",\"width\":1,\"height\":1,\"caption\":\"Think tank \\\"Resilience of health care systems\\\"\"},\"image\":{\"@id\":\"https:\/\/healthresilience.eu\/#\/schema\/logo\/image\/\"},\"sameAs\":[\"https:\/\/www.facebook.com\/people\/Domnca-Veselbas-aprpes-sistmu-noturba\/61572697709349\/\",\"https:\/\/www.linkedin.com\/company\/domnica-veselibas-aprupes-sistemu-noturiba\/\"]}]}<\/script>\n<!-- \/ Yoast SEO plugin. -->","yoast_head_json":{"title":"Privacy policy - Resilience of health care systems","robots":{"index":"index","follow":"follow","max-snippet":"max-snippet:-1","max-image-preview":"max-image-preview:large","max-video-preview":"max-video-preview:-1"},"canonical":"https:\/\/healthresilience.eu\/en\/privacy-policy\/","og_locale":"en_US","og_type":"article","og_title":"Privacy policy - Resilience of health care systems","og_url":"https:\/\/healthresilience.eu\/en\/privacy-policy\/","og_site_name":"Resilience of health care systems","article_publisher":"https:\/\/www.facebook.com\/people\/Domnca-Veselbas-aprpes-sistmu-noturba\/61572697709349\/","article_modified_time":"2025-03-19T12:44:26+00:00","twitter_card":"summary_large_image","schema":{"@context":"https:\/\/schema.org","@graph":[{"@type":"WebPage","@id":"https:\/\/healthresilience.eu\/en\/privacy-policy\/","url":"https:\/\/healthresilience.eu\/en\/privacy-policy\/","name":"Privacy policy - Resilience of health care systems","isPartOf":{"@id":"https:\/\/healthresilience.eu\/#website"},"datePublished":"2025-03-13T18:45:15+00:00","dateModified":"2025-03-19T12:44:26+00:00","breadcrumb":{"@id":"https:\/\/healthresilience.eu\/en\/privacy-policy\/#breadcrumb"},"inLanguage":"en-US","potentialAction":[{"@type":"ReadAction","target":["https:\/\/healthresilience.eu\/en\/privacy-policy\/"]}]},{"@type":"BreadcrumbList","@id":"https:\/\/healthresilience.eu\/en\/privacy-policy\/#breadcrumb","itemListElement":[{"@type":"ListItem","position":1,"name":"Home","item":"https:\/\/healthresilience.eu\/en\/"},{"@type":"ListItem","position":2,"name":"Privacy policy"}]},{"@type":"WebSite","@id":"https:\/\/healthresilience.eu\/#website","url":"https:\/\/healthresilience.eu\/","name":"Vesel\u012bbas apr\u016bpes sist\u0113mu notur\u012bba","description":"","publisher":{"@id":"https:\/\/healthresilience.eu\/#organization"},"potentialAction":[{"@type":"SearchAction","target":{"@type":"EntryPoint","urlTemplate":"https:\/\/healthresilience.eu\/?s={search_term_string}"},"query-input":{"@type":"PropertyValueSpecification","valueRequired":true,"valueName":"search_term_string"}}],"inLanguage":"en-US"},{"@type":"Organization","@id":"https:\/\/healthresilience.eu\/#organization","name":"Think tank \"Resilience of health care systems\"","url":"https:\/\/healthresilience.eu\/","logo":{"@type":"ImageObject","inLanguage":"en-US","@id":"https:\/\/healthresilience.eu\/#\/schema\/logo\/image\/","url":"https:\/\/healthresilience.eu\/wp-content\/uploads\/2024\/11\/logo.svg","contentUrl":"https:\/\/healthresilience.eu\/wp-content\/uploads\/2024\/11\/logo.svg","width":1,"height":1,"caption":"Think tank \"Resilience of health care systems\""},"image":{"@id":"https:\/\/healthresilience.eu\/#\/schema\/logo\/image\/"},"sameAs":["https:\/\/www.facebook.com\/people\/Domnca-Veselbas-aprpes-sistmu-noturba\/61572697709349\/","https:\/\/www.linkedin.com\/company\/domnica-veselibas-aprupes-sistemu-noturiba\/"]}]}},"_links":{"self":[{"href":"https:\/\/healthresilience.eu\/en\/wp-json\/wp\/v2\/pages\/477","targetHints":{"allow":["GET"]}}],"collection":[{"href":"https:\/\/healthresilience.eu\/en\/wp-json\/wp\/v2\/pages"}],"about":[{"href":"https:\/\/healthresilience.eu\/en\/wp-json\/wp\/v2\/types\/page"}],"author":[{"embeddable":true,"href":"https:\/\/healthresilience.eu\/en\/wp-json\/wp\/v2\/users\/1"}],"replies":[{"embeddable":true,"href":"https:\/\/healthresilience.eu\/en\/wp-json\/wp\/v2\/comments?post=477"}],"version-history":[{"count":3,"href":"https:\/\/healthresilience.eu\/en\/wp-json\/wp\/v2\/pages\/477\/revisions"}],"predecessor-version":[{"id":480,"href":"https:\/\/healthresilience.eu\/en\/wp-json\/wp\/v2\/pages\/477\/revisions\/480"}],"wp:attachment":[{"href":"https:\/\/healthresilience.eu\/en\/wp-json\/wp\/v2\/media?parent=477"}],"curies":[{"name":"wp","href":"https:\/\/api.w.org\/{rel}","templated":true}]}}